{"id":12,"date":"2026-04-10T09:20:59","date_gmt":"2026-04-10T09:20:59","guid":{"rendered":"https:\/\/webwire.dk\/?page_id=12"},"modified":"2026-04-10T09:31:53","modified_gmt":"2026-04-10T09:31:53","slug":"cisco-ai-technical-practitioner","status":"publish","type":"page","link":"http:\/\/webwire.dk\/index.php\/cisco-ai-technical-practitioner\/","title":{"rendered":"Cisco AI Technical practitioner"},"content":{"rendered":"<p>Cisco AI Technical Practitioner (AITECH) er en certificering og et uddannelsesforl\u00f8b designet til it-professionelle, der \u00f8nsker at bygge bro mellem traditionel it-infrastruktur og moderne AI-l\u00f8sninger. Programmet fokuserer p\u00e5 praktisk anvendelse af kunstig intelligens til at automatisere arbejdsgange, analysere data og designe AI-drevne tekniske l\u00f8sninger. <\/p>\n","protected":false},"excerpt":{"rendered":"<p>Cisco AI Technical Practitioner (AITECH) er en certificering og et uddannelsesforl\u00f8b designet til it-professionelle, der \u00f8nsker at bygge bro mellem traditionel it-infrastruktur og moderne AI-l\u00f8sninger. Programmet fokuserer p\u00e5 praktisk anvendelse af kunstig intelligens til at automatisere arbejdsgange, analysere data og designe AI-drevne tekniske l\u00f8sninger.<\/p>\n","protected":false},"author":1,"featured_media":0,"parent":0,"menu_order":0,"comment_status":"closed","ping_status":"closed","template":"","meta":{"footnotes":""},"class_list":["post-12","page","type-page","status-publish","hentry"],"_links":{"self":[{"href":"http:\/\/webwire.dk\/index.php\/wp-json\/wp\/v2\/pages\/12","targetHints":{"allow":["GET"]}}],"collection":[{"href":"http:\/\/webwire.dk\/index.php\/wp-json\/wp\/v2\/pages"}],"about":[{"href":"http:\/\/webwire.dk\/index.php\/wp-json\/wp\/v2\/types\/page"}],"author":[{"embeddable":true,"href":"http:\/\/webwire.dk\/index.php\/wp-json\/wp\/v2\/users\/1"}],"replies":[{"embeddable":true,"href":"http:\/\/webwire.dk\/index.php\/wp-json\/wp\/v2\/comments?post=12"}],"version-history":[{"count":1,"href":"http:\/\/webwire.dk\/index.php\/wp-json\/wp\/v2\/pages\/12\/revisions"}],"predecessor-version":[{"id":13,"href":"http:\/\/webwire.dk\/index.php\/wp-json\/wp\/v2\/pages\/12\/revisions\/13"}],"wp:attachment":[{"href":"http:\/\/webwire.dk\/index.php\/wp-json\/wp\/v2\/media?parent=12"}],"curies":[{"name":"wp","href":"https:\/\/api.w.org\/{rel}","templated":true}]}}